{"id":170,"date":"2020-01-29T22:01:04","date_gmt":"2020-01-29T21:01:04","guid":{"rendered":"http:\/\/paroisseslensjurbise.be\/?page_id=170"},"modified":"2023-01-19T23:18:43","modified_gmt":"2023-01-19T22:18:43","slug":"pretres-et-diacre","status":"publish","type":"page","link":"https:\/\/paroisseslensjurbise.be\/index.php\/qui-fait-quoi\/pretres-et-diacre\/","title":{"rendered":"Pr\u00eatres et diacre"},"content":{"rendered":"\n<h4 class=\"wp-block-heading\">Responsable de l&#8217;Unit\u00e9 Pastorale<\/h4>\n\n\n\n<p class=\"has-text-color has-very-dark-gray-color\">Abb\u00e9 Marc MWATHA<br>Rue Fontaine \u00e0 Regrets 9<br>7870 Lens<br>T\u00e9l. : 065\/22 93 67<br>Email : <a> marcmwatha[a]yahoo.fr<\/a><\/p>\n\n\n\n<h4 class=\"wp-block-heading\">Pr\u00eatres auxiliaires<\/h4>\n\n\n\n<p class=\"has-text-color has-very-dark-gray-color\">Abb\u00e9 Germain BIENAIME<br>Rue Albert Ier 15<br>7050 Jurbise<br>T\u00e9l. : 065\/23 53 40<\/p>\n\n\n\n<p>Abb\u00e9 Willy Mbonzila<br>Cure d&#8217;Herchies<br>7050 Herchies <\/p>\n\n\n\n<p class=\"has-text-color has-very-dark-gray-color\">Abb\u00e9&nbsp;Michel DONNET<br>GSM : 0477\/54 90 70 <\/p>\n\n\n\n<p class=\"has-text-color has-very-dark-gray-color\">P\u00e8re Pierre HUPEZ, s.j.<\/p>\n\n\n\n<h4 class=\"wp-block-heading\">Diacre au service de l&#8217;Unit\u00e9 Pastorale<\/h4>\n\n\n\n<p class=\"has-text-color has-very-dark-gray-color\">Pierre Bernard<\/p>\n","protected":false},"excerpt":{"rendered":"<p>Responsable de l&#8217;Unit\u00e9 Pastorale Abb\u00e9 Marc MWATHARue Fontaine \u00e0 Regrets 97870 LensT\u00e9l. : 065\/22 93 67Email : marcmwatha[a]yahoo.fr Pr\u00eatres auxiliaires Abb\u00e9 Germain BIENAIMERue Albert Ier 157050 JurbiseT\u00e9l. : 065\/23 53 40 Abb\u00e9 Willy MbonzilaCure d&#8217;Herchies7050 Herchies Abb\u00e9&nbsp;Michel DONNETGSM : 0477\/54 90 70 P\u00e8re Pierre HUPEZ, s.j. Diacre au service de l&#8217;Unit\u00e9 Pastorale Pierre Bernard<\/p>\n","protected":false},"author":1,"featured_media":0,"parent":54,"menu_order":0,"comment_status":"closed","ping_status":"closed","template":"","meta":[],"_links":{"self":[{"href":"https:\/\/paroisseslensjurbise.be\/index.php\/wp-json\/wp\/v2\/pages\/170"}],"collection":[{"href":"https:\/\/paroisseslensjurbise.be\/index.php\/wp-json\/wp\/v2\/pages"}],"about":[{"href":"https:\/\/paroisseslensjurbise.be\/index.php\/wp-json\/wp\/v2\/types\/page"}],"author":[{"embeddable":true,"href":"https:\/\/paroisseslensjurbise.be\/index.php\/wp-json\/wp\/v2\/users\/1"}],"replies":[{"embeddable":true,"href":"https:\/\/paroisseslensjurbise.be\/index.php\/wp-json\/wp\/v2\/comments?post=170"}],"version-history":[{"count":18,"href":"https:\/\/paroisseslensjurbise.be\/index.php\/wp-json\/wp\/v2\/pages\/170\/revisions"}],"predecessor-version":[{"id":933,"href":"https:\/\/paroisseslensjurbise.be\/index.php\/wp-json\/wp\/v2\/pages\/170\/revisions\/933"}],"up":[{"embeddable":true,"href":"https:\/\/paroisseslensjurbise.be\/index.php\/wp-json\/wp\/v2\/pages\/54"}],"wp:attachment":[{"href":"https:\/\/paroisseslensjurbise.be\/index.php\/wp-json\/wp\/v2\/media?parent=170"}],"curies":[{"name":"wp","href":"https:\/\/api.w.org\/{rel}","templated":true}]}}