{"id":419,"date":"2020-10-08T22:05:56","date_gmt":"2020-10-08T20:05:56","guid":{"rendered":"http:\/\/paroisseslensjurbise.be\/?page_id=419"},"modified":"2021-06-11T21:51:28","modified_gmt":"2021-06-11T19:51:28","slug":"equipe-paroissiale-de-solidarite","status":"publish","type":"page","link":"https:\/\/paroisseslensjurbise.be\/index.php\/equipe-paroissiale-de-solidarite\/","title":{"rendered":"Equipe paroissiale de solidarit\u00e9"},"content":{"rendered":"\n<p>La diaconie \u00ab d\u00e9signe les divers engagements sociaux des communaut\u00e9s chr\u00e9tiennes, elle est la mise en \u0153uvre de l\u2019Evangile de J\u00e9sus-Christ au service de la personne, notamment des plus pauvres, mais elle est beaucoup plus vaste que le caritatif, elle touche et fonde toute vie chr\u00e9tienne\u2026 (source <a href=\"https:\/\/eglise.catholique.fr\/glossaire\/diaconie\/\">https:\/\/eglise.catholique.fr\/glossaire\/diaconie\/<\/a>).<\/p>\n\n\n\n<p>Dans notre unit\u00e9 pastorale,  la diaconie est port\u00e9e par l&#8217;<strong>\u00e9quipe de solidarit\u00e9<\/strong> dont les missions sont :<\/p>\n\n\n\n<ul><li>d&#8217;apporter de l&#8217;<strong>aide aux personnes et aux familles fragilis\u00e9es<\/strong>\/ en difficult\u00e9;<\/li><li>de <strong>porter la communion<\/strong> aux personnes ne pouvant se d\u00e9placer;<\/li><li>d&#8217;offrir un <strong>lieu d&#8217;\u00e9coute<\/strong>.<\/li><\/ul>\n\n\n\n<p>Appel\u00e9e \u00e0 \u00eatre accompagner les personnes en difficult\u00e9, notre \u00e9quipe de Solidarit\u00e9 offre de l\u2019aide aux personnes et aux familles en difficult\u00e9s.<\/p>\n\n\n\n<p>Si vous le d\u00e9sirez, nous vous accueillerons sur rendez-vous \u00e0 la Vicairie (Maison paroissiale), rue de l\u2019\u00e9glise 20 \u00e0 Lens.<\/p>\n\n\n\n<p>Contacts :<\/p>\n\n\n\n<ul><li>Abb\u00e9 Marc Mwatha: 0466\/46 45 34<\/li><li>Christa Meunier: 0473\/25 67 19<\/li><\/ul>\n","protected":false},"excerpt":{"rendered":"<p>La diaconie \u00ab d\u00e9signe les divers engagements sociaux des communaut\u00e9s chr\u00e9tiennes, elle est la mise en \u0153uvre de l\u2019Evangile de J\u00e9sus-Christ au service de la personne, notamment des plus pauvres, mais elle est beaucoup plus vaste que le caritatif, elle touche et fonde toute vie chr\u00e9tienne\u2026 (source https:\/\/eglise.catholique.fr\/glossaire\/diaconie\/). Dans notre unit\u00e9 pastorale, la diaconie est &hellip; <\/p>\n","protected":false},"author":1,"featured_media":0,"parent":0,"menu_order":0,"comment_status":"closed","ping_status":"closed","template":"","meta":[],"_links":{"self":[{"href":"https:\/\/paroisseslensjurbise.be\/index.php\/wp-json\/wp\/v2\/pages\/419"}],"collection":[{"href":"https:\/\/paroisseslensjurbise.be\/index.php\/wp-json\/wp\/v2\/pages"}],"about":[{"href":"https:\/\/paroisseslensjurbise.be\/index.php\/wp-json\/wp\/v2\/types\/page"}],"author":[{"embeddable":true,"href":"https:\/\/paroisseslensjurbise.be\/index.php\/wp-json\/wp\/v2\/users\/1"}],"replies":[{"embeddable":true,"href":"https:\/\/paroisseslensjurbise.be\/index.php\/wp-json\/wp\/v2\/comments?post=419"}],"version-history":[{"count":6,"href":"https:\/\/paroisseslensjurbise.be\/index.php\/wp-json\/wp\/v2\/pages\/419\/revisions"}],"predecessor-version":[{"id":746,"href":"https:\/\/paroisseslensjurbise.be\/index.php\/wp-json\/wp\/v2\/pages\/419\/revisions\/746"}],"wp:attachment":[{"href":"https:\/\/paroisseslensjurbise.be\/index.php\/wp-json\/wp\/v2\/media?parent=419"}],"curies":[{"name":"wp","href":"https:\/\/api.w.org\/{rel}","templated":true}]}}