{"id":486,"date":"2020-10-11T20:59:58","date_gmt":"2020-10-11T18:59:58","guid":{"rendered":"http:\/\/paroisseslensjurbise.be\/?page_id=486"},"modified":"2026-04-16T22:07:43","modified_gmt":"2026-04-16T20:07:43","slug":"dendre-echos","status":"publish","type":"page","link":"https:\/\/paroisseslensjurbise.be\/index.php\/dendre-echos\/","title":{"rendered":"Dendre-\u00e9chos"},"content":{"rendered":"\n<p> \u00ab Dendre-\u00e9chos \u00bb est un bulletin bimensuel reprenant toutes les informations relatives \u00e0 notre unit\u00e9 pastorale (horaire des messes, confirmations, d\u00e9c\u00e8s, etc.).<\/p>\n\n\n\n<h4 class=\"wp-block-heading\">Dernier Dendre-\u00e9chos<\/h4>\n\n\n\n<p>Cliquez sur <a href=\"https:\/\/paroisseslensjurbise.be\/wp-content\/uploads\/2026\/04\/Dendre-echos-254-26-04-17.pdf\" target=\"_blank\" rel=\"noreferrer noopener\">ce lien <\/a>pour acc\u00e9der au dernier Dendre-\u00e9chos.<\/p>\n\n\n\n<h4 class=\"wp-block-heading\">S&#8221;abonner au Dendre-\u00e9chos<\/h4>\n\n\n\n<p>Si vous souhaitez recevoir le Dendre-\u00e9chos par e-mail, envoyez un courriez \u00e9lectronique au secr\u00e9tariat paroissial (centrepastoralvicairielens[a]gmail.com) .<\/p>\n\n\n\n<p>Si vous souhaitez diffuser une information \u00e0 diffuser via le \u00ab Dendre \u00e9chos \u00bb, faites-la parvenir au plus tard le vendredi qui pr\u00e9c\u00e8de l\u2019\u00e9dition au secr\u00e9tariat paroissial  \u00ab La Vicairie \u00bb (rue de l\u2019\u00c9glise, 20 \u00e0 7870 Lens &#8211; 065\/56 53 05).<\/p>\n\n\n\n<p>Le Dendre-\u00e9chos est \u00e9galement accessible via <a href=\"https:\/\/www.facebook.com\/CentrePastoral.UPLens\">notre page Facebook<\/a>.<\/p>\n","protected":false},"excerpt":{"rendered":"<p>\u00ab Dendre-\u00e9chos \u00bb est un bulletin bimensuel reprenant toutes les informations relatives \u00e0 notre unit\u00e9 pastorale (horaire des messes, confirmations, d\u00e9c\u00e8s, etc.). Dernier Dendre-\u00e9chos Cliquez sur ce lien pour acc\u00e9der au dernier Dendre-\u00e9chos. S&#8221;abonner au Dendre-\u00e9chos Si vous souhaitez recevoir le Dendre-\u00e9chos par e-mail, envoyez un courriez \u00e9lectronique au secr\u00e9tariat paroissial (centrepastoralvicairielens[a]gmail.com) . Si vous &hellip; <\/p>\n","protected":false},"author":1,"featured_media":0,"parent":0,"menu_order":0,"comment_status":"closed","ping_status":"closed","template":"","meta":[],"_links":{"self":[{"href":"https:\/\/paroisseslensjurbise.be\/index.php\/wp-json\/wp\/v2\/pages\/486"}],"collection":[{"href":"https:\/\/paroisseslensjurbise.be\/index.php\/wp-json\/wp\/v2\/pages"}],"about":[{"href":"https:\/\/paroisseslensjurbise.be\/index.php\/wp-json\/wp\/v2\/types\/page"}],"author":[{"embeddable":true,"href":"https:\/\/paroisseslensjurbise.be\/index.php\/wp-json\/wp\/v2\/users\/1"}],"replies":[{"embeddable":true,"href":"https:\/\/paroisseslensjurbise.be\/index.php\/wp-json\/wp\/v2\/comments?post=486"}],"version-history":[{"count":130,"href":"https:\/\/paroisseslensjurbise.be\/index.php\/wp-json\/wp\/v2\/pages\/486\/revisions"}],"predecessor-version":[{"id":1200,"href":"https:\/\/paroisseslensjurbise.be\/index.php\/wp-json\/wp\/v2\/pages\/486\/revisions\/1200"}],"wp:attachment":[{"href":"https:\/\/paroisseslensjurbise.be\/index.php\/wp-json\/wp\/v2\/media?parent=486"}],"curies":[{"name":"wp","href":"https:\/\/api.w.org\/{rel}","templated":true}]}}