{"id":63,"date":"2020-01-29T21:35:52","date_gmt":"2020-01-29T20:35:52","guid":{"rendered":"http:\/\/paroisseslensjurbise.be\/?page_id=63"},"modified":"2021-06-27T21:22:47","modified_gmt":"2021-06-27T19:22:47","slug":"montignies-lez-lens","status":"publish","type":"page","link":"https:\/\/paroisseslensjurbise.be\/index.php\/clochers\/montignies-lez-lens\/","title":{"rendered":"Montignies-Lez-Lens"},"content":{"rendered":"\n<h4 class=\"wp-block-heading\">Horaire des messes<\/h4>\n\n\n\n<p>Les messes \u00e0 Montignies ont lieu <strong>le dimanche matin \u00e0 8h45<\/strong>.<br>Il s\u2019agit des horaires habituels. En cette p\u00e9riode particuli\u00e8re, veuillez vous r\u00e9f\u00e9rer \u00e0 la section Actualit\u00e9s. <br><\/p>\n\n\n\n<h4 class=\"wp-block-heading\">Personnes de contact<\/h4>\n\n\n\n<div class=\"wp-block-columns has-3-columns is-layout-flex wp-container-4\">\n<div class=\"wp-block-column is-layout-flow\">\n<p><strong>Eglise<\/strong><\/p>\n\n\n\n<p>Saint-Martin<\/p>\n\n\n\n<p><strong>Organiste<\/strong><\/p>\n\n\n\n<p>Corazzi Rapha\u00ebl<\/p>\n\n\n\n<p><strong>Fabrique d&#8217;\u00e9glise<\/strong><\/p>\n\n\n\n<p><a href=\"http:\/\/paroisseslensjurbise.be\/index.php\/qui-fait-quoi\/fabriques-deglise\/\">Membres<\/a> <\/p>\n<\/div>\n\n\n\n<div class=\"wp-block-column is-layout-flow\">\n<p><strong>Sacristine<\/strong><\/p>\n\n\n\n<p>Vandeworde V\u00e9ronique        <\/p>\n\n\n\n<p><strong>Salle paroissiale<\/strong><\/p>\n\n\n\n<p>Salle du Patronnage<br>Les renseignements sur les salles paroissiales disponibles \u00e0 Lens et \u00e0 Jurbise sont disponibles&nbsp;<a href=\"http:\/\/paroisseslensjurbise.be\/index.php\/qui-fait-quoi\/\">ici<\/a>. <\/p>\n<\/div>\n\n\n\n<div class=\"wp-block-column is-layout-flow\">\n<p><\/p>\n\n\n\n<p><br><br><\/p>\n<\/div>\n<\/div>\n\n\n\n<h4 class=\"wp-block-heading\">Plan d&#8217;acc\u00e8s<\/h4>\n\n\n<div class='' id='bmp_herchies_' style='position: relative; width:80%; height:400px'>\r\n                                            <img id='bmp_map_fullscreen_icon__1_' onclick='bmp_toggleFullScreen(\"bmp_herchies_\")' class='bmp_map_fullscreen_icon_class' style='display: none' src='https:\/\/paroisseslensjurbise.be\/wp-content\/plugins\/api-bing-map-2018\/images\/icons\/bmp-map-full-screen.png'>\r\n                                          <\/div>\r\n                                        <script type='text\/javascript' src='https:\/\/www.bing.com\/api\/maps\/mapcontrol?key=AssXxavDQnjswEuDIS60ELAf816thkpxWBgpPlZDU6jBW7Bm37jTpgGVwUErKN06' async defer ><\/script>\r\n                                        <script type='text\/javascript'> \r\n                                            var bmp_icon_src    = 'https:\/\/paroisseslensjurbise.be\/wp-content\/plugins\/api-bing-map-2018\/'; \r\n                                            var bmpPinSizes     = JSON.parse('{\"bmp_pin_desktop_width\":150,\"bmp_pin_desktop_height\":170,\"bmp_pin_tablet_width\":210,\"bmp_pin_tablet_height\":130,\"bmp_pin_mobile_width\":140,\"bmp_pin_mobile_height\":100}');  \r\n                                            var bmpFullscreenIconSrc2 = 'https:\/\/paroisseslensjurbise.be\/wp-content\/plugins\/api-bing-map-2018\/images\/icons\/bmp-map-full-screen2.png';  \r\n                                            var bmpFullscreenIconSrc = 'https:\/\/paroisseslensjurbise.be\/wp-content\/plugins\/api-bing-map-2018\/images\/icons\/bmp-map-full-screen.png';                                        \r\n                                    \r\n                                            window.addEventListener('load', function(){    \r\n                                                let bmp_map_id__1_        = document.getElementById('bmp_herchies_'); \r\n                                                let bmp_map__1_           = JSON.parse( JSON.stringify( {\"id\":\"1\",\"map_title\":\"Herchies\",\"map_start_lat\":\"50.52889295350172\",\"map_start_long\":\"3.8581847186613016\",\"map_type\":\"1\",\"map_zoom\":\"17\",\"compact_nav\":\"0\",\"disable_mousewheel\":\"1\",\"disable_zoom\":\"0\",\"map_shortcode\":\"herchies\",\"map_width\":\"80\",\"map_height\":\"400\",\"map_width_type\":\"%\",\"map_height_type\":\"px\",\"html_class\":\"\",\"styling_enabled\":\"1\",\"toggle_fullscreen\":\"0\",\"lock_zoom\":\"0\",\"cluster\":\"-1\"} ) );   \r\n                                                let bmp_map_all_pins__1_  = JSON.parse( JSON.stringify( [{\"pin_id\":\"1\",\"map_id\":\"1\",\"pin_active\":\"1\",\"pin_lat\":\"50.52892\",\"pin_long\":\"3.85834\",\"icon\":\"5\",\"icon_link\":\"\",\"pin_title\":\"Eglise Saint-Martin de Herchies\",\"pin_desc\":\"\",\"data_json\":\"\",\"pin_image_one\":\"simple\",\"pin_image_two\":\"simple\"}] ) );  \r\n                                                let bmp_infobox__1_       = null;   \r\n                                                let bmp_map_shapes__1_    = JSON.parse( JSON.stringify( [] ));  \r\n                                                let bmp_extra_params_ = JSON.parse('[]');                                                \r\n                                                 \r\n                                                bmp_loadMapScenario( bmp_map_id__1_, \r\n                                                                    bmp_map_all_pins__1_, \r\n                                                                    bmp_map__1_, \r\n                                                                    bmp_infobox__1_, \r\n                                                                    bmp_map_shapes__1_,\r\n                                                                    bmp_extra_params_ );                                                                                                                                           \r\n                                            });\r\n\r\n                                           \/\/ function bmp_toggle_map_fullscreen_( bmp_map_fullscreen_icon__1_, bmp_herchies_ ){\r\n                                                var bmp_map_fullscreen__1_ = document.getElementById('bmp_map_fullscreen_icon__1_');\r\n                                                \r\n                                                bmp_map_fullscreen__1_.addEventListener('click', function(){\r\n                                                    var bmp_map_object  = document.querySelector('#bmp_herchies_ .MicrosoftMap');\r\n                                                    var bmp_map_object_class = bmp_map_object.className;\r\n                                                    if( bmp_map_object_class.includes('bmp-admin-map-full-sceen') ){\r\n                                                        bmp_map_object_class = bmp_map_object_class.replace(\/bmp-admin-map-full-sceen\/g,''); \r\n                                                        bmp_map_object.className = bmp_map_object_class;\r\n                                                        this.className = this.className.replace(\/bmp_map_fullsreen_top\/g, '');\r\n                                                    }else{\r\n                                                        bmp_map_object.className = bmp_map_object_class + ' ' +  'bmp-admin-map-full-sceen';\r\n                                                        this.className = this.className + ' ' + 'bmp_map_fullsreen_top';\r\n                                                    }\r\n                                                });\r\n                                        \/\/    }\r\n                                                                                    \r\n                                        <\/script>\r\n                                        \n\n\n<p><!--EndFragment--><\/p>\n<p><\/p>","protected":false},"excerpt":{"rendered":"<p>Horaire des messes Les messes \u00e0 Montignies ont lieu le dimanche matin \u00e0 8h45.Il s\u2019agit des horaires habituels. En cette p\u00e9riode particuli\u00e8re, veuillez vous r\u00e9f\u00e9rer \u00e0 la section Actualit\u00e9s. Personnes de contact Eglise Saint-Martin Organiste Corazzi Rapha\u00ebl Fabrique d&#8217;\u00e9glise Membres Sacristine Vandeworde V\u00e9ronique Salle paroissiale Salle du PatronnageLes renseignements sur les salles paroissiales disponibles \u00e0 &hellip; <\/p>\n","protected":false},"author":1,"featured_media":0,"parent":36,"menu_order":0,"comment_status":"closed","ping_status":"closed","template":"","meta":[],"_links":{"self":[{"href":"https:\/\/paroisseslensjurbise.be\/index.php\/wp-json\/wp\/v2\/pages\/63"}],"collection":[{"href":"https:\/\/paroisseslensjurbise.be\/index.php\/wp-json\/wp\/v2\/pages"}],"about":[{"href":"https:\/\/paroisseslensjurbise.be\/index.php\/wp-json\/wp\/v2\/types\/page"}],"author":[{"embeddable":true,"href":"https:\/\/paroisseslensjurbise.be\/index.php\/wp-json\/wp\/v2\/users\/1"}],"replies":[{"embeddable":true,"href":"https:\/\/paroisseslensjurbise.be\/index.php\/wp-json\/wp\/v2\/comments?post=63"}],"version-history":[{"count":8,"href":"https:\/\/paroisseslensjurbise.be\/index.php\/wp-json\/wp\/v2\/pages\/63\/revisions"}],"predecessor-version":[{"id":788,"href":"https:\/\/paroisseslensjurbise.be\/index.php\/wp-json\/wp\/v2\/pages\/63\/revisions\/788"}],"up":[{"embeddable":true,"href":"https:\/\/paroisseslensjurbise.be\/index.php\/wp-json\/wp\/v2\/pages\/36"}],"wp:attachment":[{"href":"https:\/\/paroisseslensjurbise.be\/index.php\/wp-json\/wp\/v2\/media?parent=63"}],"curies":[{"name":"wp","href":"https:\/\/api.w.org\/{rel}","templated":true}]}}