{"id":66,"date":"2020-01-29T21:35:53","date_gmt":"2020-01-29T20:35:53","guid":{"rendered":"http:\/\/paroisseslensjurbise.be\/?page_id=66"},"modified":"2021-06-11T21:54:46","modified_gmt":"2021-06-11T19:54:46","slug":"baptemes","status":"publish","type":"page","link":"https:\/\/paroisseslensjurbise.be\/index.php\/celebrer-les-etapes-de-la-vie\/baptemes\/","title":{"rendered":"Bapt\u00eame"},"content":{"rendered":"\n<h4 class=\"wp-block-heading\">Sens et gr\u00e2ce du bapt\u00eame<\/h4>\n\n\n\n<p>Le bapt\u00eame est le premier de tous les sacrements. En son centre se trouve l\u2019eau. Celle-ci est le symbole de la vie nouvelle en Dieu et de la participation \u00e0 la mort et \u00e0 la r\u00e9surrection de J\u00e9sus. Le bapt\u00eame fait de nous des fils et des filles de Dieu et des fr\u00e8res et des s\u0153urs de J\u00e9sus. Il nous int\u00e8gre visiblement \u00e0 l\u2019\u00c9glise, la communaut\u00e9 des croyants. Par notre bapt\u00eame, nous sommes appel\u00e9s \u00e0 affronter courageusement les blessures de la vie, le mal et la mort en confessant que l\u2019amour est plus fort que tout.<\/p>\n\n\n\n<h4 class=\"wp-block-heading\">Qui peut recevoir le bapt\u00eame\u2009?<\/h4>\n\n\n\n<p>Toute personne non encore baptis\u00e9e peut \u00e0 tout \u00e2ge recevoir le bapt\u00eame.<\/p>\n\n\n\n<p>L\u2019Unit\u00e9 pastorale organise plusieurs types de d\u00e9marches et de pr\u00e9paration selon l\u2019\u00e2ge de la personne \u00e0 baptiser :<\/p>\n\n\n\n<ul><li>De 0 \u00e0 4 ans : la demande et la pr\u00e9paration sont faites par les parents;<\/li><li>De 5 \u00e0 10 ans : le d\u00e9sir est exprim\u00e9 par les enfants. Ceux-ci sont pr\u00e9par\u00e9s par les cat\u00e9chistes et les parents;<\/li><li>Plus de 11 ans : le d\u00e9sir est exprim\u00e9 par les candidats et la pr\u00e9paration se fait par le cat\u00e9chum\u00e9nat;<\/li><li>Adulte : la demande est faite par le candidat et la pr\u00e9paration est faite par le cat\u00e9chum\u00e9nat.<\/li><\/ul>\n\n\n\n<h4 class=\"wp-block-heading\">D\u00e9marches \u00e0 suivre<\/h4>\n\n\n\n<ul><li>De 0 \u00e0 4 ans : les inscriptions se font tous les derniers lundis du mois de 17 h 30 \u00e0 18 h 45, au Centre paroissial (Vicairie), Rue de l\u2019\u00c9glise \u00e0 7870. Personne de contact : Marianne Marain-Bruy\u00e8re 0496\/ 51 72 28;<\/li><li>De 5 ans \u00e0 l\u2019\u00e2ge  adulte : prendre contact avec la coordonnatrice de la cat\u00e9ch\u00e8se et du cat\u00e9chum\u00e9nat, Annie Lelangue, au 0495\/17 71 36 ou prendre contact avec le secr\u00e9tariat de l\u2019Unit\u00e9 pastorale au 065\/56 53 05.<\/li><\/ul>\n","protected":false},"excerpt":{"rendered":"<p>Sens et gr\u00e2ce du bapt\u00eame Le bapt\u00eame est le premier de tous les sacrements. En son centre se trouve l\u2019eau. Celle-ci est le symbole de la vie nouvelle en Dieu et de la participation \u00e0 la mort et \u00e0 la r\u00e9surrection de J\u00e9sus. Le bapt\u00eame fait de nous des fils et des filles de Dieu &hellip; <\/p>\n","protected":false},"author":1,"featured_media":0,"parent":52,"menu_order":0,"comment_status":"closed","ping_status":"closed","template":"","meta":[],"_links":{"self":[{"href":"https:\/\/paroisseslensjurbise.be\/index.php\/wp-json\/wp\/v2\/pages\/66"}],"collection":[{"href":"https:\/\/paroisseslensjurbise.be\/index.php\/wp-json\/wp\/v2\/pages"}],"about":[{"href":"https:\/\/paroisseslensjurbise.be\/index.php\/wp-json\/wp\/v2\/types\/page"}],"author":[{"embeddable":true,"href":"https:\/\/paroisseslensjurbise.be\/index.php\/wp-json\/wp\/v2\/users\/1"}],"replies":[{"embeddable":true,"href":"https:\/\/paroisseslensjurbise.be\/index.php\/wp-json\/wp\/v2\/comments?post=66"}],"version-history":[{"count":3,"href":"https:\/\/paroisseslensjurbise.be\/index.php\/wp-json\/wp\/v2\/pages\/66\/revisions"}],"predecessor-version":[{"id":750,"href":"https:\/\/paroisseslensjurbise.be\/index.php\/wp-json\/wp\/v2\/pages\/66\/revisions\/750"}],"up":[{"embeddable":true,"href":"https:\/\/paroisseslensjurbise.be\/index.php\/wp-json\/wp\/v2\/pages\/52"}],"wp:attachment":[{"href":"https:\/\/paroisseslensjurbise.be\/index.php\/wp-json\/wp\/v2\/media?parent=66"}],"curies":[{"name":"wp","href":"https:\/\/api.w.org\/{rel}","templated":true}]}}