{"id":69,"date":"2020-01-29T21:35:53","date_gmt":"2020-01-29T20:35:53","guid":{"rendered":"http:\/\/paroisseslensjurbise.be\/?page_id=69"},"modified":"2021-06-11T21:57:47","modified_gmt":"2021-06-11T19:57:47","slug":"sacrement-des-malades","status":"publish","type":"page","link":"https:\/\/paroisseslensjurbise.be\/index.php\/celebrer-les-etapes-de-la-vie\/sacrement-des-malades\/","title":{"rendered":"Sacrement des malades"},"content":{"rendered":"\n<h4 class=\"wp-block-heading\">Sens et gr\u00e2ce du sacrement des malades<\/h4>\n\n\n\n<p>\u00ab\u2009Quelqu\u2019un parmi vous est-il malade\u2009? Qu\u2019il appelle les pr\u00eatres de l\u2019\u00c9glise et qu\u2019ils prient sur lui, apr\u00e8s l\u2019avoir oint d\u2019huile au nom du Seigneur. La pri\u00e8re de la foi sauvera le patient, et le Seigneur le rel\u00e8vera. S\u2019il a commis le p\u00e9ch\u00e9, ils lui seront remis\u2009\u00bb (Jc 5, 14-15).<\/p>\n\n\n\n<p>Loin d\u2019\u00eatre le sacrement de l\u2019article de la mort, l\u2019Onction des malades est le sacrement du risque ou de l\u2019\u00e9ch\u00e9ance pr\u00e9visible d\u2019une mort. Ce sacrement manifeste l\u2019amiti\u00e9 efficace de Dieu et r\u00e9conforte le malade.<\/p>\n\n\n\n<h4 class=\"wp-block-heading\">Qui peut recevoir ce sacrement?<\/h4>\n\n\n\n<p>Peuvent recevoir ce sacrement :<\/p>\n\n\n\n<ul><li>Les personnes baptis\u00e9es qui se trouvent \u00e0 toute extr\u00e9mit\u00e9<\/li><li>Les personnes en danger de mort \u00e0 cause de la maladie par suite d\u2019affaiblissement physique ou de la vieillesse.<\/li><\/ul>\n\n\n\n<p>Notes importantes :<\/p>\n\n\n\n<ul><li>\u00ab\u2009Si un malade qui a re\u00e7u l\u2019onction recouvre la sant\u00e9, il peut, en cas de nouvelle maladie grave, recevoir de nouveau ce sacrement.<\/li><li>Au cours de la m\u00eame maladie, ce sacrement peut \u00eatre r\u00e9it\u00e9r\u00e9 si la maladie s\u2019aggrave.<\/li><li>Il est appropri\u00e9 de recevoir l\u2019onction des malades au seuil d\u2019une op\u00e9ration importante.<\/li><li>Il en va de m\u00eame pour les personnes \u00e2g\u00e9es dont la fragilit\u00e9 s\u2019accentue\u2009\u00bb (Cat. 1515).<\/li><\/ul>\n\n\n\n<h4 class=\"wp-block-heading\">Que faire si soi-m\u00eame ou un proche veut recevoir ce sacrement\u2009?<\/h4>\n\n\n\n<ul><li>Il suffit de contacter le cur\u00e9 (t\u00e9l. 0466\/46 45 34) ou un autre pr\u00eatre de l\u2019Unit\u00e9 pastorale. Une autre possibilit\u00e9 serait de t\u00e9l\u00e9phoner au secr\u00e9tariat interparoissial (t\u00e9l. 065\/22 93 67); celui-ci pourra alors contacter un de nos pr\u00eatres.<\/li><li>Avec l\u2019aide des visiteurs des malades, nous organisons aussi une fois par ann\u00e9e une c\u00e9l\u00e9bration communautaire du sacrement des malades.<\/li><\/ul>\n","protected":false},"excerpt":{"rendered":"<p>Sens et gr\u00e2ce du sacrement des malades \u00ab\u2009Quelqu\u2019un parmi vous est-il malade\u2009? Qu\u2019il appelle les pr\u00eatres de l\u2019\u00c9glise et qu\u2019ils prient sur lui, apr\u00e8s l\u2019avoir oint d\u2019huile au nom du Seigneur. La pri\u00e8re de la foi sauvera le patient, et le Seigneur le rel\u00e8vera. S\u2019il a commis le p\u00e9ch\u00e9, ils lui seront remis\u2009\u00bb (Jc 5, &hellip; <\/p>\n","protected":false},"author":1,"featured_media":0,"parent":52,"menu_order":0,"comment_status":"closed","ping_status":"closed","template":"","meta":[],"_links":{"self":[{"href":"https:\/\/paroisseslensjurbise.be\/index.php\/wp-json\/wp\/v2\/pages\/69"}],"collection":[{"href":"https:\/\/paroisseslensjurbise.be\/index.php\/wp-json\/wp\/v2\/pages"}],"about":[{"href":"https:\/\/paroisseslensjurbise.be\/index.php\/wp-json\/wp\/v2\/types\/page"}],"author":[{"embeddable":true,"href":"https:\/\/paroisseslensjurbise.be\/index.php\/wp-json\/wp\/v2\/users\/1"}],"replies":[{"embeddable":true,"href":"https:\/\/paroisseslensjurbise.be\/index.php\/wp-json\/wp\/v2\/comments?post=69"}],"version-history":[{"count":5,"href":"https:\/\/paroisseslensjurbise.be\/index.php\/wp-json\/wp\/v2\/pages\/69\/revisions"}],"predecessor-version":[{"id":754,"href":"https:\/\/paroisseslensjurbise.be\/index.php\/wp-json\/wp\/v2\/pages\/69\/revisions\/754"}],"up":[{"embeddable":true,"href":"https:\/\/paroisseslensjurbise.be\/index.php\/wp-json\/wp\/v2\/pages\/52"}],"wp:attachment":[{"href":"https:\/\/paroisseslensjurbise.be\/index.php\/wp-json\/wp\/v2\/media?parent=69"}],"curies":[{"name":"wp","href":"https:\/\/api.w.org\/{rel}","templated":true}]}}