{"id":70,"date":"2020-01-29T21:35:53","date_gmt":"2020-01-29T20:35:53","guid":{"rendered":"http:\/\/paroisseslensjurbise.be\/?page_id=70"},"modified":"2021-06-11T21:58:23","modified_gmt":"2021-06-11T19:58:23","slug":"reconciliation","status":"publish","type":"page","link":"https:\/\/paroisseslensjurbise.be\/index.php\/celebrer-les-etapes-de-la-vie\/reconciliation\/","title":{"rendered":"R\u00e9conciliation"},"content":{"rendered":"\n<h4 class=\"wp-block-heading\">Sens et gr\u00e2ce de la R\u00e9conciliation<\/h4>\n\n\n\n<p>\u00ab\u2009Dieu, dans le Christ, se r\u00e9conciliait avec le monde. (\u2026) Laissez-vous r\u00e9concilier avec Dieu\u2009\u00bb (2 Co 5, 19-20). Le sacrement de R\u00e9conciliation nous r\u00e9concilie \u00e0 la fois avec Dieu, l\u2019\u00c9glise et nos fr\u00e8res et sieurs. Parler de r\u00e9conciliation, c\u2019est sous-entendre l\u2019existence d\u2019un m\u00e9diateur ou d\u2019un r\u00e9conciliateur. C\u2019est le Christ qui est le m\u00e9diateur entre Dieu et nous. Il nous manifeste l\u2019initiative du pardon de Dieu.<\/p>\n\n\n\n<p>Le sacrement de R\u00e9conciliation nous fait vivre l\u2019amour et le pardon de Dieu. Nous y r\u00e9entendons cette parole que Dieu dit \u00e0 chacun de nous : \u00ab\u2009Tu es toujours mon fils\u2009\u00bb. Ce sacrement exige la pr\u00e9sence d\u2019un pr\u00eatre en tant que signe d\u2019une \u00c9glise qui re\u00e7oit continuellement du P\u00e8re la Parole de r\u00e9conciliation et qui fait de chacun de nous un enfant de Dieu dans le Christ. En effet, \u00ab\u2009le soir de P\u00e2ques, le Seigneur J\u00e9sus se montra \u00e0 ses ap\u00f4tres et leur dit : &#8220;Recevez l\u2019Esprit saint. Ceux \u00e0 qui vous remettez les p\u00e9ch\u00e9s, ils leur seront remis. Ceux \u00e0 qui vous les retiendrez, ils leur seront retenus &#8220;\u2009\u00bb Jn 20, 22-23).<\/p>\n\n\n\n<h4 class=\"wp-block-heading\">Que faire si l\u2019on veut vivre le sacrement de R\u00e9conciliation\u2009?<\/h4>\n\n\n\n<p>Vous pouvez vivre ce sacrement \u00e0 tout moment, selon votre d\u00e9sir.<\/p>\n\n\n\n<ul><li>Il suffit de prendre contact avec le Cur\u00e9 (t\u00e9l. 0466\/46 45 34) ou un autre pr\u00eatre de l\u2019Unit\u00e9 pastorale. <\/li><li>En dehors de cette d\u00e9marche essentiellement individuelle, nous assurons les permanences de R\u00e9conciliation dans les trois centres de l\u2019Unit\u00e9 pastorale pendant les temps de l\u2019avent et de car\u00eame.<\/li><\/ul>\n\n\n\n<p><\/p>\n\n\n<p><!--EndFragment--><\/p>\n<p><\/p>","protected":false},"excerpt":{"rendered":"<p>Sens et gr\u00e2ce de la R\u00e9conciliation \u00ab\u2009Dieu, dans le Christ, se r\u00e9conciliait avec le monde. (\u2026) Laissez-vous r\u00e9concilier avec Dieu\u2009\u00bb (2 Co 5, 19-20). Le sacrement de R\u00e9conciliation nous r\u00e9concilie \u00e0 la fois avec Dieu, l\u2019\u00c9glise et nos fr\u00e8res et sieurs. Parler de r\u00e9conciliation, c\u2019est sous-entendre l\u2019existence d\u2019un m\u00e9diateur ou d\u2019un r\u00e9conciliateur. C\u2019est le Christ &hellip; <\/p>\n","protected":false},"author":1,"featured_media":0,"parent":52,"menu_order":0,"comment_status":"closed","ping_status":"closed","template":"","meta":[],"_links":{"self":[{"href":"https:\/\/paroisseslensjurbise.be\/index.php\/wp-json\/wp\/v2\/pages\/70"}],"collection":[{"href":"https:\/\/paroisseslensjurbise.be\/index.php\/wp-json\/wp\/v2\/pages"}],"about":[{"href":"https:\/\/paroisseslensjurbise.be\/index.php\/wp-json\/wp\/v2\/types\/page"}],"author":[{"embeddable":true,"href":"https:\/\/paroisseslensjurbise.be\/index.php\/wp-json\/wp\/v2\/users\/1"}],"replies":[{"embeddable":true,"href":"https:\/\/paroisseslensjurbise.be\/index.php\/wp-json\/wp\/v2\/comments?post=70"}],"version-history":[{"count":3,"href":"https:\/\/paroisseslensjurbise.be\/index.php\/wp-json\/wp\/v2\/pages\/70\/revisions"}],"predecessor-version":[{"id":755,"href":"https:\/\/paroisseslensjurbise.be\/index.php\/wp-json\/wp\/v2\/pages\/70\/revisions\/755"}],"up":[{"embeddable":true,"href":"https:\/\/paroisseslensjurbise.be\/index.php\/wp-json\/wp\/v2\/pages\/52"}],"wp:attachment":[{"href":"https:\/\/paroisseslensjurbise.be\/index.php\/wp-json\/wp\/v2\/media?parent=70"}],"curies":[{"name":"wp","href":"https:\/\/api.w.org\/{rel}","templated":true}]}}