{"id":72,"date":"2020-01-29T21:35:54","date_gmt":"2020-01-29T20:35:54","guid":{"rendered":"http:\/\/paroisseslensjurbise.be\/?page_id=72"},"modified":"2023-08-09T09:35:52","modified_gmt":"2023-08-09T07:35:52","slug":"equipe-danimation-pastorale","status":"publish","type":"page","link":"https:\/\/paroisseslensjurbise.be\/index.php\/qui-fait-quoi\/equipe-danimation-pastorale\/","title":{"rendered":"Equipe d&#8217;Animation Pastorale"},"content":{"rendered":"\n<p class=\"has-very-dark-gray-color has-text-color\">L&#8217;Equipe d&#8217;Animation Pastorale a \u00e9t\u00e9 envoy\u00e9e en mission par l&#8217;\u00e9v\u00eaque pour chercher comment susciter, rassembler et vivifier notre communaut\u00e9 afin qu&#8217;elle devienne source et lieu de vie. Cette \u00e9quipe comprend actuellement sept la\u00efcs qui partagent avec M. l&#8217;Abb\u00e9 Marc Mwatha la responsabilit\u00e9 de l&#8217;animation pastorale. L&#8217;EAP n&#8217;est pas une \u00e9quipe coordinatrice qui rationalise tout dans l&#8217;unit\u00e9 pastorale. C&#8217;est dans le service et l&#8217;\u00e9coute de ceux qui font les communaut\u00e9s que l&#8217;EAP trouve le sens de sa mission, qui n&#8217;est autre que celle de l&#8217;ensemble de l&#8217;Eglise et de tous ses membres.&nbsp;<\/p>\n\n\n\n<h4 class=\"wp-block-heading\">Membres de l&#8217;EAP<\/h4>\n\n\n\n<figure class=\"wp-block-gallery aligncenter has-nested-images columns-default is-cropped alignleft wp-block-gallery-1 is-layout-flex\">\n<figure class=\"wp-block-image\"><img decoding=\"async\" loading=\"lazy\" width=\"766\" height=\"1024\" data-id=\"974\"  src=\"https:\/\/paroisseslensjurbise.be\/wp-content\/uploads\/2023\/06\/Christa-766x1024.jpg\" alt=\"\" class=\"wp-image-974\" srcset=\"https:\/\/paroisseslensjurbise.be\/wp-content\/uploads\/2023\/06\/Christa-766x1024.jpg 766w, https:\/\/paroisseslensjurbise.be\/wp-content\/uploads\/2023\/06\/Christa-224x300.jpg 224w, https:\/\/paroisseslensjurbise.be\/wp-content\/uploads\/2023\/06\/Christa-768x1027.jpg 768w, https:\/\/paroisseslensjurbise.be\/wp-content\/uploads\/2023\/06\/Christa-45x60.jpg 45w, https:\/\/paroisseslensjurbise.be\/wp-content\/uploads\/2023\/06\/Christa.jpg 1862w\" sizes=\"(max-width: 766px) 100vw, 766px\" \/><figcaption class=\"wp-element-caption\">Christa MEUNIER<\/figcaption><\/figure>\n\n\n\n<figure class=\"wp-block-image\"><img decoding=\"async\" loading=\"lazy\" width=\"772\" height=\"1024\" data-id=\"967\"  src=\"https:\/\/paroisseslensjurbise.be\/wp-content\/uploads\/2023\/06\/Yves-772x1024.jpeg\" alt=\"\" class=\"wp-image-967\" srcset=\"https:\/\/paroisseslensjurbise.be\/wp-content\/uploads\/2023\/06\/Yves-772x1024.jpeg 772w, https:\/\/paroisseslensjurbise.be\/wp-content\/uploads\/2023\/06\/Yves-226x300.jpeg 226w, https:\/\/paroisseslensjurbise.be\/wp-content\/uploads\/2023\/06\/Yves-768x1019.jpeg 768w, https:\/\/paroisseslensjurbise.be\/wp-content\/uploads\/2023\/06\/Yves-45x60.jpeg 45w\" sizes=\"(max-width: 772px) 100vw, 772px\" \/><figcaption class=\"wp-element-caption\">Yves ROBETTE<\/figcaption><\/figure>\n\n\n\n<figure class=\"wp-block-image size-large is-style-default\"><img decoding=\"async\" loading=\"lazy\" width=\"1024\" height=\"768\" data-id=\"995\"  src=\"https:\/\/paroisseslensjurbise.be\/wp-content\/uploads\/2023\/08\/20230723_211507-1024x768.jpg\" alt=\"\" class=\"wp-image-995\" srcset=\"https:\/\/paroisseslensjurbise.be\/wp-content\/uploads\/2023\/08\/20230723_211507-1024x768.jpg 1024w, https:\/\/paroisseslensjurbise.be\/wp-content\/uploads\/2023\/08\/20230723_211507-300x225.jpg 300w, https:\/\/paroisseslensjurbise.be\/wp-content\/uploads\/2023\/08\/20230723_211507-768x576.jpg 768w, https:\/\/paroisseslensjurbise.be\/wp-content\/uploads\/2023\/08\/20230723_211507-1536x1152.jpg 1536w, https:\/\/paroisseslensjurbise.be\/wp-content\/uploads\/2023\/08\/20230723_211507-2048x1536.jpg 2048w, https:\/\/paroisseslensjurbise.be\/wp-content\/uploads\/2023\/08\/20230723_211507-80x60.jpg 80w\" sizes=\"(max-width: 1024px) 100vw, 1024px\" \/><figcaption class=\"wp-element-caption\">Martine MAHY<\/figcaption><\/figure>\n\n\n\n<figure class=\"wp-block-image\"><img decoding=\"async\" loading=\"lazy\" width=\"325\" height=\"433\" data-id=\"975\"  src=\"https:\/\/paroisseslensjurbise.be\/wp-content\/uploads\/2023\/06\/20230510_102538-r.jpg\" alt=\"\" class=\"wp-image-975\" srcset=\"https:\/\/paroisseslensjurbise.be\/wp-content\/uploads\/2023\/06\/20230510_102538-r.jpg 325w, https:\/\/paroisseslensjurbise.be\/wp-content\/uploads\/2023\/06\/20230510_102538-r-225x300.jpg 225w, https:\/\/paroisseslensjurbise.be\/wp-content\/uploads\/2023\/06\/20230510_102538-r-45x60.jpg 45w\" sizes=\"(max-width: 325px) 100vw, 325px\" \/><figcaption class=\"wp-element-caption\">Eric AUQUI\u00c8RE<\/figcaption><\/figure>\n\n\n\n<figure class=\"wp-block-image\"><img decoding=\"async\" loading=\"lazy\" width=\"330\" height=\"440\" data-id=\"968\"  src=\"https:\/\/paroisseslensjurbise.be\/wp-content\/uploads\/2023\/06\/1682255729792tt.jpg\" alt=\"\" class=\"wp-image-968\" srcset=\"https:\/\/paroisseslensjurbise.be\/wp-content\/uploads\/2023\/06\/1682255729792tt.jpg 330w, https:\/\/paroisseslensjurbise.be\/wp-content\/uploads\/2023\/06\/1682255729792tt-225x300.jpg 225w, https:\/\/paroisseslensjurbise.be\/wp-content\/uploads\/2023\/06\/1682255729792tt-45x60.jpg 45w\" sizes=\"(max-width: 330px) 100vw, 330px\" \/><figcaption class=\"wp-element-caption\">C\u00e9cile NO\u00cbL<\/figcaption><\/figure>\n\n\n\n<figure class=\"wp-block-image\"><img decoding=\"async\" loading=\"lazy\" width=\"760\" height=\"1024\" data-id=\"965\"  src=\"https:\/\/paroisseslensjurbise.be\/wp-content\/uploads\/2023\/06\/Patrick-760x1024.jpeg\" alt=\"\" class=\"wp-image-965\" srcset=\"https:\/\/paroisseslensjurbise.be\/wp-content\/uploads\/2023\/06\/Patrick-760x1024.jpeg 760w, https:\/\/paroisseslensjurbise.be\/wp-content\/uploads\/2023\/06\/Patrick-223x300.jpeg 223w, https:\/\/paroisseslensjurbise.be\/wp-content\/uploads\/2023\/06\/Patrick-768x1034.jpeg 768w, https:\/\/paroisseslensjurbise.be\/wp-content\/uploads\/2023\/06\/Patrick-45x60.jpeg 45w, https:\/\/paroisseslensjurbise.be\/wp-content\/uploads\/2023\/06\/Patrick.jpeg 1644w\" sizes=\"(max-width: 760px) 100vw, 760px\" \/><figcaption class=\"wp-element-caption\">Patrick TILLY<\/figcaption><\/figure>\n\n\n\n<figure class=\"wp-block-image\"><img decoding=\"async\" loading=\"lazy\" width=\"656\" height=\"885\" data-id=\"970\"  src=\"https:\/\/paroisseslensjurbise.be\/wp-content\/uploads\/2023\/06\/Pierre-1.jpg\" alt=\"\" class=\"wp-image-970\" srcset=\"https:\/\/paroisseslensjurbise.be\/wp-content\/uploads\/2023\/06\/Pierre-1.jpg 656w, https:\/\/paroisseslensjurbise.be\/wp-content\/uploads\/2023\/06\/Pierre-1-222x300.jpg 222w, https:\/\/paroisseslensjurbise.be\/wp-content\/uploads\/2023\/06\/Pierre-1-44x60.jpg 44w\" sizes=\"(max-width: 656px) 100vw, 656px\" \/><figcaption class=\"wp-element-caption\">Pierre BERNARD<\/figcaption><\/figure>\n\n\n\n<figure class=\"wp-block-image\"><img decoding=\"async\" loading=\"lazy\" width=\"768\" height=\"1024\" data-id=\"988\"  src=\"https:\/\/paroisseslensjurbise.be\/wp-content\/uploads\/2023\/07\/20230611_104117-Marc-768x1024.jpg\" alt=\"\" class=\"wp-image-988\" srcset=\"https:\/\/paroisseslensjurbise.be\/wp-content\/uploads\/2023\/07\/20230611_104117-Marc-768x1024.jpg 768w, https:\/\/paroisseslensjurbise.be\/wp-content\/uploads\/2023\/07\/20230611_104117-Marc-225x300.jpg 225w, https:\/\/paroisseslensjurbise.be\/wp-content\/uploads\/2023\/07\/20230611_104117-Marc-1152x1536.jpg 1152w, https:\/\/paroisseslensjurbise.be\/wp-content\/uploads\/2023\/07\/20230611_104117-Marc-45x60.jpg 45w, https:\/\/paroisseslensjurbise.be\/wp-content\/uploads\/2023\/07\/20230611_104117-Marc.jpg 1355w\" sizes=\"(max-width: 768px) 100vw, 768px\" \/><figcaption class=\"wp-element-caption\">M. le Cur\u00e9 Marc MWATHA<\/figcaption><\/figure>\n<\/figure>\n","protected":false},"excerpt":{"rendered":"<p>L&#8217;Equipe d&#8217;Animation Pastorale a \u00e9t\u00e9 envoy\u00e9e en mission par l&#8217;\u00e9v\u00eaque pour chercher comment susciter, rassembler et vivifier notre communaut\u00e9 afin qu&#8217;elle devienne source et lieu de vie. Cette \u00e9quipe comprend actuellement sept la\u00efcs qui partagent avec M. l&#8217;Abb\u00e9 Marc Mwatha la responsabilit\u00e9 de l&#8217;animation pastorale. L&#8217;EAP n&#8217;est pas une \u00e9quipe coordinatrice qui rationalise tout dans &hellip; <\/p>\n","protected":false},"author":1,"featured_media":0,"parent":54,"menu_order":0,"comment_status":"closed","ping_status":"closed","template":"","meta":[],"_links":{"self":[{"href":"https:\/\/paroisseslensjurbise.be\/index.php\/wp-json\/wp\/v2\/pages\/72"}],"collection":[{"href":"https:\/\/paroisseslensjurbise.be\/index.php\/wp-json\/wp\/v2\/pages"}],"about":[{"href":"https:\/\/paroisseslensjurbise.be\/index.php\/wp-json\/wp\/v2\/types\/page"}],"author":[{"embeddable":true,"href":"https:\/\/paroisseslensjurbise.be\/index.php\/wp-json\/wp\/v2\/users\/1"}],"replies":[{"embeddable":true,"href":"https:\/\/paroisseslensjurbise.be\/index.php\/wp-json\/wp\/v2\/comments?post=72"}],"version-history":[{"count":14,"href":"https:\/\/paroisseslensjurbise.be\/index.php\/wp-json\/wp\/v2\/pages\/72\/revisions"}],"predecessor-version":[{"id":996,"href":"https:\/\/paroisseslensjurbise.be\/index.php\/wp-json\/wp\/v2\/pages\/72\/revisions\/996"}],"up":[{"embeddable":true,"href":"https:\/\/paroisseslensjurbise.be\/index.php\/wp-json\/wp\/v2\/pages\/54"}],"wp:attachment":[{"href":"https:\/\/paroisseslensjurbise.be\/index.php\/wp-json\/wp\/v2\/media?parent=72"}],"curies":[{"name":"wp","href":"https:\/\/api.w.org\/{rel}","templated":true}]}}