{"id":73,"date":"2020-01-29T21:35:54","date_gmt":"2020-01-29T20:35:54","guid":{"rendered":"http:\/\/paroisseslensjurbise.be\/?page_id=73"},"modified":"2023-01-23T22:23:01","modified_gmt":"2023-01-23T21:23:01","slug":"conseil-pastoral","status":"publish","type":"page","link":"https:\/\/paroisseslensjurbise.be\/index.php\/qui-fait-quoi\/conseil-pastoral\/","title":{"rendered":"Conseil Pastoral"},"content":{"rendered":"\n<p> <br>Le Conseil pastoral r\u00e9unit le clerg\u00e9 paroissial et les repr\u00e9sentants des la\u00efcs. Il est pr\u00e9sid\u00e9 par le cur\u00e9,examine les besoins de l&#8217;\u00e9vang\u00e9lisation sur le territoire de la paroisse et les moyens d&#8217;y r\u00e9pondre. <\/p>\n\n\n\n<p>De par la diversit\u00e9 de ses membres, le Conseil pastoral refl\u00e8te la vie de la Communaut\u00e9 chr\u00e9tienne. Il propose des orientations et aide \u00e0 m\u00fbrir les projets qui lui sont confi\u00e9s. Il se fait l&#8217;\u00e9cho de la vie de la paroisse ou du groupement paroissial et des villes. Il a souci de la qualit\u00e9 de vie \u00e9vang\u00e9lique de la paroisse ou du groupement et du t\u00e9moignage donn\u00e9, suscitant des initiatives des personnes et des groupes. Son r\u00f4le est consultatif (source Wikip\u00e9dia).<\/p>\n\n\n\n<p>Font partie du Conseil Pastoral de l&#8217;Unit\u00e9 Pastorale de Lens-Jurbise:<\/p>\n\n\n\n<ol><li>Les <a href=\"http:\/\/paroisseslensjurbise.be\/index.php\/qui-fait-quoi\/equipe-danimation-pastorale\/\">membres de l&#8217;EAP<\/a> dont M. le cur\u00e9 Marc Mwatha qui en assure la pr\u00e9isdence.<\/li><li>Pour les pr\u00eatres auxiliaires : <ul><li><strong>Germain Bienaim\u00e9<\/strong> <\/li><\/ul><\/li><li>Les personnes-relais :<ul><li>Clocher de Bauffe : <strong>Patricia Boulet-Leleu<\/strong><\/li><li>Clocher de Cambron-Saint-Vincent : <strong>Michel Carlier<\/strong> <\/li><li>Clocher d\u2019Erbaut : <strong>Brigitte\u00a0Jean<\/strong> <\/li><li>Clocher d\u2019Erbisoeul : <strong>Marianne Marain-Bruy\u00e8re<\/strong><\/li><li>Clochers d\u2019Herchies et d\u2019Herchies-Vacresse : <strong>Guy Brunin<\/strong><\/li><li>Clocher de Jurbise : <strong>Marie-France Duveau<\/strong><\/li><li>Clocher de Lens : <strong>B\u00e9atrice\u00a0Wacheul<\/strong> <\/li><li>Clocher de Lombise : <strong>\u00c9liane Varlette<\/strong><\/li><li>Clocher de Masnuy -Bruy\u00e8res : <strong>Didier Vandamme<\/strong><\/li><li>Clocher de Masnuy-Saint-Pierre : <strong>Isabelle Delatte<\/strong><\/li><li>Clocher de Montignies-Lez-Lens : <strong>T\u00e9r\u00e8se-Marie Bernard-Pirnay <\/strong><\/li><\/ul><\/li><li>Repr\u00e9sentant de la chapelle Roland Vivier : <strong>Jean-Marie Michez<\/strong> <\/li><li>Pour les \u0152uvres paroissiales du Doyenn\u00e9 de Lens (asbl) : <strong>Daniel\u00a0Lienard<\/strong><\/li><li>Pour la cat\u00e9ch\u00e8se : <strong>Santina\u00a0Vaccalluzzo<\/strong><\/li><li>Pour l&#8217;\u00e9veil \u00e0 la foi : <strong>Martine Plume<\/strong><\/li><li>Pour la diaconie : <strong>Christa Meunier<\/strong><\/li><li>Pour la Cr\u00e8che vivante : <strong>Yves Robette<\/strong><\/li><li>Pour la liturgie : <strong>Pierre Legrand <\/strong><\/li><li>Pour les Jeunes +11 : <ul><li><strong>Louis Haincourt<\/strong> <\/li><li><strong>Annie Lelangue<\/strong><\/li><\/ul><\/li><li>Pour les visiteurs des malades : <strong>Christa Meunier<\/strong><\/li><li>Pour les groupements des fabriques d\u2019\u00e9glise (Jurbise et Lens) : <strong>Ren\u00e9 Poliart<\/strong><\/li><li>Pour la communication : <strong>Fran\u00e7oise Stas<\/strong><\/li><li>Pour le patro Saint-Eloi de Jurbise : <strong>Antonin Carni\u00e8re<\/strong><\/li><li>Pour les patros Sainte Maria-Goretti et Sacr\u00e9-Coeur de Lens : <strong>Gabriel Depry<\/strong><\/li><li>Pour les bapt\u00eames : <strong>Marianne Marain-Bruy\u00e8re<\/strong><\/li><li>Pour les fun\u00e9railles : <strong>Christian Sulmon<\/strong><\/li><li>Pour le secr\u00e9tariat : <strong>Patricia Boulet-Leleu <\/strong><\/li><\/ol>\n","protected":false},"excerpt":{"rendered":"<p>Le Conseil pastoral r\u00e9unit le clerg\u00e9 paroissial et les repr\u00e9sentants des la\u00efcs. Il est pr\u00e9sid\u00e9 par le cur\u00e9,examine les besoins de l&#8217;\u00e9vang\u00e9lisation sur le territoire de la paroisse et les moyens d&#8217;y r\u00e9pondre. De par la diversit\u00e9 de ses membres, le Conseil pastoral refl\u00e8te la vie de la Communaut\u00e9 chr\u00e9tienne. Il propose des orientations et &hellip; <\/p>\n","protected":false},"author":1,"featured_media":0,"parent":54,"menu_order":0,"comment_status":"closed","ping_status":"closed","template":"","meta":[],"_links":{"self":[{"href":"https:\/\/paroisseslensjurbise.be\/index.php\/wp-json\/wp\/v2\/pages\/73"}],"collection":[{"href":"https:\/\/paroisseslensjurbise.be\/index.php\/wp-json\/wp\/v2\/pages"}],"about":[{"href":"https:\/\/paroisseslensjurbise.be\/index.php\/wp-json\/wp\/v2\/types\/page"}],"author":[{"embeddable":true,"href":"https:\/\/paroisseslensjurbise.be\/index.php\/wp-json\/wp\/v2\/users\/1"}],"replies":[{"embeddable":true,"href":"https:\/\/paroisseslensjurbise.be\/index.php\/wp-json\/wp\/v2\/comments?post=73"}],"version-history":[{"count":10,"href":"https:\/\/paroisseslensjurbise.be\/index.php\/wp-json\/wp\/v2\/pages\/73\/revisions"}],"predecessor-version":[{"id":936,"href":"https:\/\/paroisseslensjurbise.be\/index.php\/wp-json\/wp\/v2\/pages\/73\/revisions\/936"}],"up":[{"embeddable":true,"href":"https:\/\/paroisseslensjurbise.be\/index.php\/wp-json\/wp\/v2\/pages\/54"}],"wp:attachment":[{"href":"https:\/\/paroisseslensjurbise.be\/index.php\/wp-json\/wp\/v2\/media?parent=73"}],"curies":[{"name":"wp","href":"https:\/\/api.w.org\/{rel}","templated":true}]}}