{"id":74,"date":"2020-01-29T21:35:54","date_gmt":"2020-01-29T20:35:54","guid":{"rendered":"http:\/\/paroisseslensjurbise.be\/?page_id=74"},"modified":"2021-06-27T21:07:21","modified_gmt":"2021-06-27T19:07:21","slug":"fabriques-deglise","status":"publish","type":"page","link":"https:\/\/paroisseslensjurbise.be\/index.php\/qui-fait-quoi\/fabriques-deglise\/","title":{"rendered":"Fabriques d&#8217;Eglise"},"content":{"rendered":"\n<table class=\"wp-block-table has-fixed-layout\"><tbody><tr><td><strong>Fonction<\/strong><\/td><td><strong>Nom<\/strong><\/td><td><strong>Pr\u00e9nom<\/strong><\/td><\/tr><tr><td>Cur\u00e9<\/td><td>MWATHA<\/td><td>Marc<\/td><\/tr><tr><td><strong>Lens<\/strong><\/td><td><strong>Saint-Martin<\/strong><\/td><td><\/td><\/tr><tr><td>Pr\u00e9sidente<\/td><td> DASCOTTE  <\/td><td> Jules <\/td><\/tr><tr><td>secr\u00e9taire<\/td><td>MICHEZ<\/td><td>Laurent<\/td><\/tr><tr><td>tr\u00e9sorier<\/td><td>POLIART<\/td><td>Ren\u00e9<\/td><\/tr><tr><td>membre<\/td><td>FAUCONNIER<\/td><td>Werner<\/td><\/tr><tr><td>membre<\/td><td>COLLARD<\/td><td>Yvan<\/td><\/tr><tr><td><strong>Bauffe<\/strong><\/td><td><strong>Saint-Brice<\/strong><\/td><td><\/td><\/tr><tr><td>Pr\u00e9sident<\/td><td>BAES<\/td><td>Marnix<\/td><\/tr><tr><td>secr\u00e9taire<\/td><td>BOULET<\/td><td>Dominique<\/td><\/tr><tr><td>tr\u00e9sorier<\/td><td>FOGLIA<\/td><td>Damien<\/td><\/tr><tr><td>membre<\/td><td>LOWAGIE<\/td><td>Th\u00e9r\u00e8se<\/td><\/tr><tr><td><strong>Cambron-Saint-Vincent<\/strong><\/td><td><strong>Saint-Martin<\/strong><\/td><td><\/td><\/tr><tr><td>Pr\u00e9sident<\/td><td>ULLENS de SCHOTEN<\/td><td>Godefroy<\/td><\/tr><tr><td>secr\u00e9taire<\/td><td>GHEM<\/td><td>Jean-Marie<\/td><\/tr><tr><td>tr\u00e9sorier<\/td><td>NOEL<\/td><td>Luc<\/td><\/tr><tr><td>membre<\/td><td>CARLIER<\/td><td>Michel<\/td><\/tr><tr><td><strong>Lombise<\/strong><\/td><td><strong>Notre-Dame de Foy<\/strong><\/td><td><\/td><\/tr><tr><td>Pr\u00e9sident<\/td><td>BOITQUIN<\/td><td>Nicolas<\/td><\/tr><tr><td>secr\u00e9taire<\/td><td>ROSMANT<\/td><td>Jean-Pol<\/td><\/tr><tr><td>tr\u00e9sori\u00e8re<\/td><td>HAVAUX<\/td><td>Mariette<\/td><\/tr><tr><td>membre<\/td><td>LECLECQ-BIENFAIT<\/td><td>Monique<\/td><\/tr><tr><td><strong>Montignies-les-Lens<\/strong><\/td><td><strong>Saint-Martin<\/strong><\/td><td><\/td><\/tr><tr><td>Pr\u00e9sidente<\/td><td>BERNARD-PIRNAY<\/td><td>T\u00e8r\u00e8se-Marie<\/td><\/tr><tr><td>secr\u00e9taire<\/td><td>SULMON<\/td><td>Christian<\/td><\/tr><tr><td>tr\u00e9sorier<\/td><td>POLIART<\/td><td>Ren\u00e9<\/td><\/tr><tr><td>membre<\/td><td>COGELS<\/td><td>Herv\u00e9<\/td><\/tr><tr><td>membre<\/td><td>DUQUESNE<\/td><td>Sophie<\/td><\/tr><tr><\/tr><tr><td><strong>Jurbise<\/strong><\/td><td><strong>Saint-Eloi<\/strong><\/td><td><\/td><\/tr><tr><td>Pr\u00e9sident<\/td><td>LAMBILLOTTE<\/td><td>Thierry<\/td><\/tr><tr><td>secr\u00e9taire<\/td><td>ZIOMEK<\/td><td>Bernard<\/td><\/tr><tr><td>tr\u00e9sorier<\/td><td>BRUYERE<\/td><td>Marianne<\/td><\/tr><tr><td>membre<\/td><td>FREBUTTE<\/td><td>Francine<\/td><\/tr><tr><td>membre<\/td><td>HERRENT<\/td><td>Jean-Marie<\/td><\/tr><tr><td><strong>Erbaut<\/strong><\/td><td><strong>Saint-Barth\u00e9l\u00e9my<\/strong><\/td><td><\/td><\/tr><tr><td>Pr\u00e9sident<\/td><td>EGELS<\/td><td>Jean-Pierre<\/td><\/tr><tr><td>secr\u00e9taire<\/td><td>MAUROY<\/td><td>Jean-Claude<\/td><\/tr><tr><td>tr\u00e9sorier<\/td><td>CHANOINE<\/td><td>Vincent<\/td><\/tr><tr><td>membre<\/td><td>TILLY<\/td><td>Patrick<\/td><\/tr><tr><td>membre<\/td><td>VANDEBURIE<\/td><td>Franz<\/td><\/tr><tr><td><strong>Erbisoeul<\/strong><\/td><td><strong>Saint-Martin<\/strong><\/td><td><\/td><\/tr><tr><td>Pr\u00e9sident<\/td><td>FERRIERE<\/td><td>Pierre<\/td><\/tr><tr><td>secr\u00e9taire<\/td><td>LACROIX<\/td><td>Annie<\/td><\/tr><tr><td>tr\u00e9soriere<\/td><td>BURELLE<\/td><td>Marie-Christine<\/td><\/tr><tr><td>membre<\/td><td>DELWARTE<\/td><td>Mich\u00e8le<\/td><\/tr><tr><td>membre<\/td><td>LAMBLIN<\/td><td>Daniel<\/td><\/tr><tr><td><strong>Herchies<\/strong><\/td><td><strong>Saint-Martin<\/strong><\/td><td><\/td><\/tr><tr><td>Pr\u00e9sident<\/td><td>MERCIER<\/td><td>Raymond<\/td><\/tr><tr><td>secr\u00e9taire<\/td><td>BOTQUIN<\/td><td>Beno\u00eet<\/td><\/tr><tr><td>tr\u00e9sorier<\/td><td>CORDIER<\/td><td>Francis<\/td><\/tr><tr><td>membre<\/td><td>CASIER<\/td><td>Christophe<\/td><\/tr><tr><td>membre<\/td><td>VUCIC<\/td><td>Iko<\/td><\/tr><tr><td><strong>Masnuy-Saint-Jean Bruy\u00e8res<\/strong><\/td><td><strong>Notre-Dame du Perp\u00e9tuel Secours<\/strong><\/td><td><\/td><\/tr><tr><td>Pr\u00e9sidente<\/td><td>MAIRESSE<\/td><td>Genevi\u00e8ve<\/td><\/tr><tr><td>secr\u00e9taire<\/td><td>MICHEZ<\/td><td>V\u00e9ronique<\/td><\/tr><tr><td>tr\u00e9sorier<\/td><td>LIENARD<\/td><td>Daniel<\/td><\/tr><tr><td><strong>Masnuy-Saint-Pierre<\/strong><\/td><td><strong>Saint-Pierre<\/strong><\/td><td><\/td><\/tr><tr><td>Pr\u00e9sidente<\/td><td>BIRAL<\/td><td>Rosanna<\/td><\/tr><tr><td>secr\u00e9taire<\/td><td>FLAMENT<\/td><td>Fernand<\/td><\/tr><tr><td>tr\u00e9sorier<\/td><td>SCREVE<\/td><td>Philippe<\/td><\/tr><tr><td>membre<\/td><td>ALLARD<\/td><td>Anne-Marie<\/td><\/tr><tr><td>membre<\/td><td>FLAMENT<\/td><td>Monique<\/td><\/tr><tr><td><strong>Vacresse<\/strong><\/td><td><strong>Notre-Dame<\/strong><\/td><td><\/td><\/tr><tr><td>Pr\u00e9sident<\/td><td>FREBUTTE<\/td><td>Francis<\/td><\/tr><tr><td>secr\u00e9taire<\/td><td>STEYAERT<\/td><td>Luc<\/td><\/tr><tr><td>tr\u00e9soriere<\/td><td>VAN CRAEN-HUART<\/td><td>Danielle<\/td><\/tr><\/tbody><\/table>\n","protected":false},"excerpt":{"rendered":"<p>Fonction Nom Pr\u00e9nom Cur\u00e9 MWATHA Marc Lens Saint-Martin Pr\u00e9sidente DASCOTTE Jules secr\u00e9taire MICHEZ Laurent tr\u00e9sorier POLIART Ren\u00e9 membre FAUCONNIER Werner membre COLLARD Yvan Bauffe Saint-Brice Pr\u00e9sident BAES Marnix secr\u00e9taire BOULET Dominique tr\u00e9sorier FOGLIA Damien membre LOWAGIE Th\u00e9r\u00e8se Cambron-Saint-Vincent Saint-Martin Pr\u00e9sident ULLENS de SCHOTEN Godefroy secr\u00e9taire GHEM Jean-Marie tr\u00e9sorier NOEL Luc membre CARLIER Michel Lombise Notre-Dame &hellip; <\/p>\n","protected":false},"author":1,"featured_media":0,"parent":54,"menu_order":0,"comment_status":"closed","ping_status":"closed","template":"","meta":[],"_links":{"self":[{"href":"https:\/\/paroisseslensjurbise.be\/index.php\/wp-json\/wp\/v2\/pages\/74"}],"collection":[{"href":"https:\/\/paroisseslensjurbise.be\/index.php\/wp-json\/wp\/v2\/pages"}],"about":[{"href":"https:\/\/paroisseslensjurbise.be\/index.php\/wp-json\/wp\/v2\/types\/page"}],"author":[{"embeddable":true,"href":"https:\/\/paroisseslensjurbise.be\/index.php\/wp-json\/wp\/v2\/users\/1"}],"replies":[{"embeddable":true,"href":"https:\/\/paroisseslensjurbise.be\/index.php\/wp-json\/wp\/v2\/comments?post=74"}],"version-history":[{"count":8,"href":"https:\/\/paroisseslensjurbise.be\/index.php\/wp-json\/wp\/v2\/pages\/74\/revisions"}],"predecessor-version":[{"id":782,"href":"https:\/\/paroisseslensjurbise.be\/index.php\/wp-json\/wp\/v2\/pages\/74\/revisions\/782"}],"up":[{"embeddable":true,"href":"https:\/\/paroisseslensjurbise.be\/index.php\/wp-json\/wp\/v2\/pages\/54"}],"wp:attachment":[{"href":"https:\/\/paroisseslensjurbise.be\/index.php\/wp-json\/wp\/v2\/media?parent=74"}],"curies":[{"name":"wp","href":"https:\/\/api.w.org\/{rel}","templated":true}]}}